{"id":525,"date":"2022-03-28T19:53:15","date_gmt":"2022-03-28T19:53:15","guid":{"rendered":"https:\/\/tsv-grafing.de\/fussball\/?page_id=525"},"modified":"2024-02-28T17:50:20","modified_gmt":"2024-02-28T17:50:20","slug":"fussballcamp","status":"publish","type":"page","link":"https:\/\/tsv-grafing.de\/fussball\/?page_id=525","title":{"rendered":"Fussballcamp"},"content":{"rendered":"\t\t<div data-elementor-type=\"wp-page\" data-elementor-id=\"525\" class=\"elementor elementor-525\">\n\t\t\t\t\t\t<section class=\"elementor-section elementor-top-section elementor-element elementor-element-9e1b320 elementor-section-boxed elementor-section-height-default elementor-section-height-default\" data-id=\"9e1b320\" data-element_type=\"section\" data-e-type=\"section\">\n\t\t\t\t\t\t<div class=\"elementor-container elementor-column-gap-default\">\n\t\t\t\t\t<div class=\"elementor-column elementor-col-100 elementor-top-column elementor-element elementor-element-f8f5ca8\" data-id=\"f8f5ca8\" data-element_type=\"column\" data-e-type=\"column\">\n\t\t\t<div class=\"elementor-widget-wrap elementor-element-populated\">\n\t\t\t\t\t\t<section class=\"elementor-section elementor-inner-section elementor-element elementor-element-77f2f96 elementor-section-boxed elementor-section-height-default elementor-section-height-default\" data-id=\"77f2f96\" data-element_type=\"section\" data-e-type=\"section\">\n\t\t\t\t\t\t<div class=\"elementor-container elementor-column-gap-default\">\n\t\t\t\t\t<div class=\"elementor-column elementor-col-50 elementor-inner-column elementor-element elementor-element-8dc6798\" data-id=\"8dc6798\" data-element_type=\"column\" data-e-type=\"column\">\n\t\t\t<div class=\"elementor-widget-wrap elementor-element-populated\">\n\t\t\t\t\t\t<div class=\"elementor-element elementor-element-a353033 elementor-align-center elementor-widget elementor-widget-button\" data-id=\"a353033\" data-element_type=\"widget\" data-e-type=\"widget\" data-widget_type=\"button.default\">\n\t\t\t\t<div class=\"elementor-widget-container\">\n\t\t\t\t\t\t\t\t\t<div class=\"elementor-button-wrapper\">\n\t\t\t\t\t<a class=\"elementor-button elementor-button-link elementor-size-lg\" href=\"http:\/\/www.bfv.de\/fussballschule-grafing-2024-ostern\" target=\"_blank\">\n\t\t\t\t\t\t<span class=\"elementor-button-content-wrapper\">\n\t\t\t\t\t\t\t\t\t<span class=\"elementor-button-text\">Oster Camp<\/span>\n\t\t\t\t\t<\/span>\n\t\t\t\t\t<\/a>\n\t\t\t\t<\/div>\n\t\t\t\t\t\t\t\t<\/div>\n\t\t\t\t<\/div>\n\t\t\t\t\t<\/div>\n\t\t<\/div>\n\t\t\t\t<div class=\"elementor-column elementor-col-50 elementor-inner-column elementor-element elementor-element-cda299d\" data-id=\"cda299d\" data-element_type=\"column\" data-e-type=\"column\">\n\t\t\t<div class=\"elementor-widget-wrap elementor-element-populated\">\n\t\t\t\t\t\t<div class=\"elementor-element elementor-element-86657db elementor-align-center elementor-widget elementor-widget-button\" data-id=\"86657db\" data-element_type=\"widget\" data-e-type=\"widget\" data-widget_type=\"button.default\">\n\t\t\t\t<div class=\"elementor-widget-container\">\n\t\t\t\t\t\t\t\t\t<div class=\"elementor-button-wrapper\">\n\t\t\t\t\t<a class=\"elementor-button elementor-button-link elementor-size-lg\" href=\"http:\/\/www.bfv.de\/fussballschule-grafing-2024-sommer\" target=\"_blank\">\n\t\t\t\t\t\t<span class=\"elementor-button-content-wrapper\">\n\t\t\t\t\t\t\t\t\t<span class=\"elementor-button-text\">Sommer Camp<\/span>\n\t\t\t\t\t<\/span>\n\t\t\t\t\t<\/a>\n\t\t\t\t<\/div>\n\t\t\t\t\t\t\t\t<\/div>\n\t\t\t\t<\/div>\n\t\t\t\t\t<\/div>\n\t\t<\/div>\n\t\t\t\t\t<\/div>\n\t\t<\/section>\n\t\t\t\t\t<\/div>\n\t\t<\/div>\n\t\t\t\t\t<\/div>\n\t\t<\/section>\n\t\t\t\t<section class=\"elementor-section elementor-top-section elementor-element elementor-element-70864fb elementor-section-boxed elementor-section-height-default elementor-section-height-default\" data-id=\"70864fb\" data-element_type=\"section\" data-e-type=\"section\">\n\t\t\t\t\t\t<div class=\"elementor-container elementor-column-gap-default\">\n\t\t\t\t\t<div class=\"elementor-column elementor-col-100 elementor-top-column elementor-element elementor-element-ca7ef0d\" data-id=\"ca7ef0d\" data-element_type=\"column\" data-e-type=\"column\">\n\t\t\t<div class=\"elementor-widget-wrap elementor-element-populated\">\n\t\t\t\t\t\t<div class=\"elementor-element elementor-element-2efc0bb elementor-widget elementor-widget-text-editor\" data-id=\"2efc0bb\" data-element_type=\"widget\" data-e-type=\"widget\" data-widget_type=\"text-editor.default\">\n\t\t\t\t<div class=\"elementor-widget-container\">\n\t\t\t\t\t\t\t\t\t<p><strong>Spiel, Spa\u00df, Fu\u00dfball pur in den Ferien beim TSV Grafing!<\/strong><\/p><p>Auch in diesem Jahr bietet der Bayerische Fu\u00dfball-Verband (BFV) wieder seine in den letzten Jahren erfolgreich durchgef\u00fchrten BFV-Ferien-Fu\u00dfballschulen in ganz Bayern an.<\/p><p><strong>WANN und WO findet die BFV-Ferien-Fu\u00dfballschule on Tour statt?<\/strong><\/p><p>In den Osterferien k\u00f6nnen fu\u00dfballbegeisterte Kinder und Jugendliche vom <strong>03. &#8211; 05. April 2024<\/strong> am Sportgel\u00e4nde des <strong>TSV Grafing, Am Stadion 4, 85567 Grafing <\/strong>gezielt ihrem Hobby nachgehen.<\/p><p><strong>WER kann teilnehmen?<\/strong><\/p><p>Teilnehmen k\u00f6nnen alle Kinder und Jugendlichen im Alter <strong>von 6 bis 14 Jahre<\/strong>. Ob Junge oder M\u00e4dchen, Feldspieler*in oder Torh\u00fcter*in, Anf\u00e4nger oder Experte, Vereinsmitglied oder kein Vereinsmitglied, bei uns kann jeder teilnehmen, der Lust auf ein tolles Fu\u00dfball- und Freizeitprogramm hat.<\/p><p><strong>WAS erwartet mich?<\/strong><\/p><p>Geniale Tricks und Techniken, coole Turniere und Spiele, neue Freunde, Top-Trainingsausstattung von adidas, ausschlie\u00dflich lizenzierte BFV-Trainer*innen und vieles mehr! Getreu unserem Motto \u201eSpiel, Spa\u00df, Fu\u00dfball pur!\u201c nehmen die Spieler*innen mit Freude und Begeisterung an einem coolen Fu\u00dfball-Freizeit-Event teil.<\/p><p>Vor Ort wirst du t\u00e4glich <strong>von 9 bis 16 Uhr<\/strong> betreut. F\u00fcr Mittagessen, Obst und ausreichend Getr\u00e4nke ist selbstverst\u00e4ndlich gesorgt. Zus\u00e4tzlich erh\u00e4ltst du eine hochwertige adidas-Ausr\u00fcstung (Trikot, kurze Hose, Stutzen und einen exklusiven Trainingsball) und einen Turnbeutel. Dies alles bietet der BFV zum Preis von 149,- Euro f\u00fcr 3 Tage (Geschwisterkinder zahlen 139,- Euro). Ein Teil der Teilnehmergeb\u00fchr flie\u00dft in die BFV-Sozialstiftung zur Finanzierung von sozialen Projekten im Fu\u00dfball. Weitere Infos unter: <a href=\"https:\/\/bfv-sozialstiftung.de\/\">https:\/\/bfv-sozialstiftung.de\/<\/a>. \u00a0<\/p><p><strong>WIE kann ich mich anmelden?<\/strong><\/p><p>Weitere Infos und die Anmeldung findest du im Internet unter <a href=\"http:\/\/www.bfv.de\/ferien\">www.bfv.de\/ferien<\/a>. Auf unserer Facebook- (@bfvferienonline) und Instagram-Seite (@bfv_fussballcamps) findest du zudem exklusive Videos und Fotos von unseren Camps und Fu\u00dfballschulen.<\/p>\t\t\t\t\t\t\t\t<\/div>\n\t\t\t\t<\/div>\n\t\t\t\t\t<\/div>\n\t\t<\/div>\n\t\t\t\t\t<\/div>\n\t\t<\/section>\n\t\t\t\t<\/div>\n\t\t","protected":false},"excerpt":{"rendered":"<p>Oster Camp Sommer Camp Spiel, Spa\u00df, Fu\u00dfball pur in den Ferien beim TSV Grafing! Auch in diesem Jahr bietet der Bayerische Fu\u00dfball-Verband (BFV) wieder seine&#8230;<\/p>\n<div class=\"more-link-wrapper\"><a class=\"more-link\" href=\"https:\/\/tsv-grafing.de\/fussball\/?page_id=525\">Weiterlesen<span class=\"screen-reader-text\">Fussballcamp<\/span><\/a><\/div>\n","protected":false},"author":1,"featured_media":0,"parent":0,"menu_order":0,"comment_status":"closed","ping_status":"closed","template":"","meta":{"footnotes":""},"class_list":["post-525","page","type-page","status-publish","hentry","entry"],"yoast_head":"<!-- This site is optimized with the Yoast SEO plugin v27.5 - https:\/\/yoast.com\/product\/yoast-seo-wordpress\/ -->\n<title>Fussballcamp - TSV Grafing Fu\u00dfball<\/title>\n<meta name=\"robots\" content=\"index, follow, max-snippet:-1, max-image-preview:large, max-video-preview:-1\" \/>\n<link rel=\"canonical\" href=\"https:\/\/tsv-grafing.de\/fussball\/?page_id=525\" \/>\n<meta property=\"og:locale\" content=\"de_DE\" \/>\n<meta property=\"og:type\" content=\"article\" \/>\n<meta property=\"og:title\" content=\"Fussballcamp - TSV Grafing Fu\u00dfball\" \/>\n<meta property=\"og:description\" content=\"Oster Camp Sommer Camp Spiel, Spa\u00df, Fu\u00dfball pur in den Ferien beim TSV Grafing! Auch in diesem Jahr bietet der Bayerische Fu\u00dfball-Verband (BFV) wieder seine&#8230;\" \/>\n<meta property=\"og:url\" content=\"https:\/\/tsv-grafing.de\/fussball\/?page_id=525\" \/>\n<meta property=\"og:site_name\" content=\"TSV Grafing Fu\u00dfball\" \/>\n<meta property=\"article:publisher\" content=\"https:\/\/de-de.facebook.com\/Tsvgrafingfussball\/\" \/>\n<meta property=\"article:modified_time\" content=\"2024-02-28T17:50:20+00:00\" \/>\n<meta name=\"twitter:card\" content=\"summary_large_image\" \/>\n<meta name=\"twitter:label1\" content=\"Gesch\u00e4tzte Lesezeit\" \/>\n\t<meta name=\"twitter:data1\" content=\"2\u00a0Minuten\" \/>\n<script type=\"application\/ld+json\" class=\"yoast-schema-graph\">{\"@context\":\"https:\\\/\\\/schema.org\",\"@graph\":[{\"@type\":\"WebPage\",\"@id\":\"https:\\\/\\\/tsv-grafing.de\\\/fussball\\\/?page_id=525\",\"url\":\"https:\\\/\\\/tsv-grafing.de\\\/fussball\\\/?page_id=525\",\"name\":\"Fussballcamp - TSV Grafing Fu\u00dfball\",\"isPartOf\":{\"@id\":\"https:\\\/\\\/tsv-grafing.de\\\/fussball\\\/#website\"},\"datePublished\":\"2022-03-28T19:53:15+00:00\",\"dateModified\":\"2024-02-28T17:50:20+00:00\",\"breadcrumb\":{\"@id\":\"https:\\\/\\\/tsv-grafing.de\\\/fussball\\\/?page_id=525#breadcrumb\"},\"inLanguage\":\"de\",\"potentialAction\":[{\"@type\":\"ReadAction\",\"target\":[\"https:\\\/\\\/tsv-grafing.de\\\/fussball\\\/?page_id=525\"]}]},{\"@type\":\"BreadcrumbList\",\"@id\":\"https:\\\/\\\/tsv-grafing.de\\\/fussball\\\/?page_id=525#breadcrumb\",\"itemListElement\":[{\"@type\":\"ListItem\",\"position\":1,\"name\":\"Startseite\",\"item\":\"https:\\\/\\\/tsv-grafing.de\\\/fussball\\\/\"},{\"@type\":\"ListItem\",\"position\":2,\"name\":\"Fussballcamp\"}]},{\"@type\":\"WebSite\",\"@id\":\"https:\\\/\\\/tsv-grafing.de\\\/fussball\\\/#website\",\"url\":\"https:\\\/\\\/tsv-grafing.de\\\/fussball\\\/\",\"name\":\"TSV Grafing Fu\u00dfball\",\"description\":\"Wir sind gelb, wir sind schwarz, wir sind b\u00e4renstark! \",\"publisher\":{\"@id\":\"https:\\\/\\\/tsv-grafing.de\\\/fussball\\\/#organization\"},\"potentialAction\":[{\"@type\":\"SearchAction\",\"target\":{\"@type\":\"EntryPoint\",\"urlTemplate\":\"https:\\\/\\\/tsv-grafing.de\\\/fussball\\\/?s={search_term_string}\"},\"query-input\":{\"@type\":\"PropertyValueSpecification\",\"valueRequired\":true,\"valueName\":\"search_term_string\"}}],\"inLanguage\":\"de\"},{\"@type\":\"Organization\",\"@id\":\"https:\\\/\\\/tsv-grafing.de\\\/fussball\\\/#organization\",\"name\":\"TSV Grafing Fu\u00dfball\",\"url\":\"https:\\\/\\\/tsv-grafing.de\\\/fussball\\\/\",\"logo\":{\"@type\":\"ImageObject\",\"inLanguage\":\"de\",\"@id\":\"https:\\\/\\\/tsv-grafing.de\\\/fussball\\\/#\\\/schema\\\/logo\\\/image\\\/\",\"url\":\"https:\\\/\\\/tsv-grafing.de\\\/fussball\\\/wp-content\\\/uploads\\\/2023\\\/07\\\/TSV_Grafing_Fussball_Logo.jpg\",\"contentUrl\":\"https:\\\/\\\/tsv-grafing.de\\\/fussball\\\/wp-content\\\/uploads\\\/2023\\\/07\\\/TSV_Grafing_Fussball_Logo.jpg\",\"width\":500,\"height\":637,\"caption\":\"TSV Grafing Fu\u00dfball\"},\"image\":{\"@id\":\"https:\\\/\\\/tsv-grafing.de\\\/fussball\\\/#\\\/schema\\\/logo\\\/image\\\/\"},\"sameAs\":[\"https:\\\/\\\/de-de.facebook.com\\\/Tsvgrafingfussball\\\/\"]}]}<\/script>\n<!-- \/ Yoast SEO plugin. -->","yoast_head_json":{"title":"Fussballcamp - TSV Grafing Fu\u00dfball","robots":{"index":"index","follow":"follow","max-snippet":"max-snippet:-1","max-image-preview":"max-image-preview:large","max-video-preview":"max-video-preview:-1"},"canonical":"https:\/\/tsv-grafing.de\/fussball\/?page_id=525","og_locale":"de_DE","og_type":"article","og_title":"Fussballcamp - TSV Grafing Fu\u00dfball","og_description":"Oster Camp Sommer Camp Spiel, Spa\u00df, Fu\u00dfball pur in den Ferien beim TSV Grafing! Auch in diesem Jahr bietet der Bayerische Fu\u00dfball-Verband (BFV) wieder seine&#8230;","og_url":"https:\/\/tsv-grafing.de\/fussball\/?page_id=525","og_site_name":"TSV Grafing Fu\u00dfball","article_publisher":"https:\/\/de-de.facebook.com\/Tsvgrafingfussball\/","article_modified_time":"2024-02-28T17:50:20+00:00","twitter_card":"summary_large_image","twitter_misc":{"Gesch\u00e4tzte Lesezeit":"2\u00a0Minuten"},"schema":{"@context":"https:\/\/schema.org","@graph":[{"@type":"WebPage","@id":"https:\/\/tsv-grafing.de\/fussball\/?page_id=525","url":"https:\/\/tsv-grafing.de\/fussball\/?page_id=525","name":"Fussballcamp - TSV Grafing Fu\u00dfball","isPartOf":{"@id":"https:\/\/tsv-grafing.de\/fussball\/#website"},"datePublished":"2022-03-28T19:53:15+00:00","dateModified":"2024-02-28T17:50:20+00:00","breadcrumb":{"@id":"https:\/\/tsv-grafing.de\/fussball\/?page_id=525#breadcrumb"},"inLanguage":"de","potentialAction":[{"@type":"ReadAction","target":["https:\/\/tsv-grafing.de\/fussball\/?page_id=525"]}]},{"@type":"BreadcrumbList","@id":"https:\/\/tsv-grafing.de\/fussball\/?page_id=525#breadcrumb","itemListElement":[{"@type":"ListItem","position":1,"name":"Startseite","item":"https:\/\/tsv-grafing.de\/fussball\/"},{"@type":"ListItem","position":2,"name":"Fussballcamp"}]},{"@type":"WebSite","@id":"https:\/\/tsv-grafing.de\/fussball\/#website","url":"https:\/\/tsv-grafing.de\/fussball\/","name":"TSV Grafing Fu\u00dfball","description":"Wir sind gelb, wir sind schwarz, wir sind b\u00e4renstark! ","publisher":{"@id":"https:\/\/tsv-grafing.de\/fussball\/#organization"},"potentialAction":[{"@type":"SearchAction","target":{"@type":"EntryPoint","urlTemplate":"https:\/\/tsv-grafing.de\/fussball\/?s={search_term_string}"},"query-input":{"@type":"PropertyValueSpecification","valueRequired":true,"valueName":"search_term_string"}}],"inLanguage":"de"},{"@type":"Organization","@id":"https:\/\/tsv-grafing.de\/fussball\/#organization","name":"TSV Grafing Fu\u00dfball","url":"https:\/\/tsv-grafing.de\/fussball\/","logo":{"@type":"ImageObject","inLanguage":"de","@id":"https:\/\/tsv-grafing.de\/fussball\/#\/schema\/logo\/image\/","url":"https:\/\/tsv-grafing.de\/fussball\/wp-content\/uploads\/2023\/07\/TSV_Grafing_Fussball_Logo.jpg","contentUrl":"https:\/\/tsv-grafing.de\/fussball\/wp-content\/uploads\/2023\/07\/TSV_Grafing_Fussball_Logo.jpg","width":500,"height":637,"caption":"TSV Grafing Fu\u00dfball"},"image":{"@id":"https:\/\/tsv-grafing.de\/fussball\/#\/schema\/logo\/image\/"},"sameAs":["https:\/\/de-de.facebook.com\/Tsvgrafingfussball\/"]}]}},"_links":{"self":[{"href":"https:\/\/tsv-grafing.de\/fussball\/index.php?rest_route=\/wp\/v2\/pages\/525","targetHints":{"allow":["GET"]}}],"collection":[{"href":"https:\/\/tsv-grafing.de\/fussball\/index.php?rest_route=\/wp\/v2\/pages"}],"about":[{"href":"https:\/\/tsv-grafing.de\/fussball\/index.php?rest_route=\/wp\/v2\/types\/page"}],"author":[{"embeddable":true,"href":"https:\/\/tsv-grafing.de\/fussball\/index.php?rest_route=\/wp\/v2\/users\/1"}],"replies":[{"embeddable":true,"href":"https:\/\/tsv-grafing.de\/fussball\/index.php?rest_route=%2Fwp%2Fv2%2Fcomments&post=525"}],"version-history":[{"count":17,"href":"https:\/\/tsv-grafing.de\/fussball\/index.php?rest_route=\/wp\/v2\/pages\/525\/revisions"}],"predecessor-version":[{"id":1181,"href":"https:\/\/tsv-grafing.de\/fussball\/index.php?rest_route=\/wp\/v2\/pages\/525\/revisions\/1181"}],"wp:attachment":[{"href":"https:\/\/tsv-grafing.de\/fussball\/index.php?rest_route=%2Fwp%2Fv2%2Fmedia&parent=525"}],"curies":[{"name":"wp","href":"https:\/\/api.w.org\/{rel}","templated":true}]}}